{"id":10098,"date":"2025-06-13T11:41:09","date_gmt":"2025-06-13T15:41:09","guid":{"rendered":"https:\/\/tdesperanza.cl\/?page_id=10098"},"modified":"2026-03-13T16:00:18","modified_gmt":"2026-03-13T19:00:18","slug":"datos-con-proposito","status":"publish","type":"page","link":"https:\/\/tdesperanza.cl\/?page_id=10098","title":{"rendered":"DATOS CON PROP\u00d3SITO"},"content":{"rendered":"\n<figure class=\"wp-block-image size-full is-resized\"><img loading=\"lazy\" decoding=\"async\" width=\"800\" height=\"800\" src=\"https:\/\/tdesperanza.cl\/wp-content\/uploads\/2025\/06\/12-de-junio.png\" alt=\"\" class=\"wp-image-10099\" style=\"width:337px;height:auto\" srcset=\"https:\/\/tdesperanza.cl\/wp-content\/uploads\/2025\/06\/12-de-junio.png 800w, https:\/\/tdesperanza.cl\/wp-content\/uploads\/2025\/06\/12-de-junio-300x300.png 300w, https:\/\/tdesperanza.cl\/wp-content\/uploads\/2025\/06\/12-de-junio-400x400.png 400w, https:\/\/tdesperanza.cl\/wp-content\/uploads\/2025\/06\/12-de-junio-768x768.png 768w, https:\/\/tdesperanza.cl\/wp-content\/uploads\/2025\/06\/12-de-junio-45x45.png 45w, https:\/\/tdesperanza.cl\/wp-content\/uploads\/2025\/06\/12-de-junio-600x600.png 600w, https:\/\/tdesperanza.cl\/wp-content\/uploads\/2025\/06\/12-de-junio-200x200.png 200w\" sizes=\"auto, (max-width: 800px) 100vw, 800px\" \/><\/figure>\n\n\n\n<p class=\"has-white-color has-accent-background-color has-text-color has-background has-link-color wp-elements-7f66a2c5da4685e75bb4fd38fb0924bd\">Aqu\u00ed puedes acceder a informaci\u00f3n de inter\u00e9s sobre Tierra de Esperanza a trav\u00e9s de datos concretos y significativos. Se comparte un panorama relevante sobre la poblaci\u00f3n atendida durante el a\u00f1o 2025, como reflejo del trabajo conjunto en la misi\u00f3n institucional de contribuir a garantizar los derechos de ni\u00f1os, ni\u00f1as y adolescentes.<\/p>\n\n\n\n<iframe loading=\"lazy\" title=\"Datos gen\u00e9ricos FTDE 1er semestre\" width=\"600\" height=\"373.5\" src=\"https:\/\/app.powerbi.com\/view?r=eyJrIjoiNmM1OWZmYjktNWFiZC00OWE4LWFjNWYtNWY5Yjk1Y2MwMjEzIiwidCI6ImM2ZjQ2MGRjLTM5ZmQtNDgzYi1iMTkwLWRjNmJjYTEzY2Q2ZSJ9\" frameborder=\"0\" allowFullScreen=\"true\"><\/iframe>\n\n\n\n<p class=\"has-white-color has-accent-background-color has-text-color has-background has-link-color wp-elements-59457d0c79783b59e6e89973d4600639\">Datos a\u00f1o 2024<\/p>\n\n\n\n<iframe loading=\"lazy\" width=\"100%\" height=\"600\" src=\"https:\/\/app.powerbi.com\/view?r=eyJrIjoiY2I2ZTk1Y2YtMjM1OC00NTdlLWE4M2ItOGY3MzJkYTkzMmQ4IiwidCI6ImM2ZjQ2MGRjLTM5ZmQtNDgzYi1iMTkwLWRjNmJjYTEzY2Q2ZSJ9\" frameborder=\"0\" allowFullScreen=\"true\"><\/iframe>\n\n\n\n<p><\/p>\n<div class=\"gsp_post_data\" \r\n\t            data-post_type=\"page\" \r\n\t            data-cat=\"\" \r\n\t            data-modified=\"120\"\r\n\t            data-created=\"1749814869\"\r\n\t            data-title=\"DATOS CON PROP\u00d3SITO\" \r\n\t            data-home=\"https:\/\/tdesperanza.cl\"><\/div>","protected":false},"excerpt":{"rendered":"<p>Aqu\u00ed puedes acceder a informaci\u00f3n de inter\u00e9s sobre Tierra de Esperanza a trav\u00e9s de datos concretos y significativos. Se comparte un panorama relevante sobre la poblaci\u00f3n atendida durante el a\u00f1o 2025, como reflejo del trabajo conjunto en la misi\u00f3n institucional de contribuir a garantizar los derechos de ni\u00f1os, ni\u00f1as y adolescentes. Datos a\u00f1o 2024<\/p>\n","protected":false},"author":1,"featured_media":0,"parent":0,"menu_order":0,"comment_status":"closed","ping_status":"closed","template":"","meta":{"_monsterinsights_skip_tracking":false,"_monsterinsights_sitenote_active":false,"_monsterinsights_sitenote_note":"","_monsterinsights_sitenote_category":0},"class_list":["post-10098","page","type-page","status-publish","hentry","description-off"],"_links":{"self":[{"href":"https:\/\/tdesperanza.cl\/index.php?rest_route=\/wp\/v2\/pages\/10098","targetHints":{"allow":["GET"]}}],"collection":[{"href":"https:\/\/tdesperanza.cl\/index.php?rest_route=\/wp\/v2\/pages"}],"about":[{"href":"https:\/\/tdesperanza.cl\/index.php?rest_route=\/wp\/v2\/types\/page"}],"author":[{"embeddable":true,"href":"https:\/\/tdesperanza.cl\/index.php?rest_route=\/wp\/v2\/users\/1"}],"replies":[{"embeddable":true,"href":"https:\/\/tdesperanza.cl\/index.php?rest_route=%2Fwp%2Fv2%2Fcomments&post=10098"}],"version-history":[{"count":9,"href":"https:\/\/tdesperanza.cl\/index.php?rest_route=\/wp\/v2\/pages\/10098\/revisions"}],"predecessor-version":[{"id":10728,"href":"https:\/\/tdesperanza.cl\/index.php?rest_route=\/wp\/v2\/pages\/10098\/revisions\/10728"}],"wp:attachment":[{"href":"https:\/\/tdesperanza.cl\/index.php?rest_route=%2Fwp%2Fv2%2Fmedia&parent=10098"}],"curies":[{"name":"wp","href":"https:\/\/api.w.org\/{rel}","templated":true}]}}