{"id":5435,"date":"2021-06-05T13:27:57","date_gmt":"2021-06-05T17:27:57","guid":{"rendered":"https:\/\/tdesperanza.cl\/?page_id=5435"},"modified":"2026-03-30T08:59:16","modified_gmt":"2026-03-30T11:59:16","slug":"lineas-de-trabajo","status":"publish","type":"page","link":"https:\/\/tdesperanza.cl\/?page_id=5435","title":{"rendered":"Lineas de Trabajo"},"content":{"rendered":"\n<div class=\"wp-block-columns is-layout-flex wp-container-core-columns-is-layout-9d6595d7 wp-block-columns-is-layout-flex\">\n<div class=\"wp-block-column is-layout-flow wp-block-column-is-layout-flow\">\n<div class=\"wp-block-columns is-layout-flex wp-container-core-columns-is-layout-9d6595d7 wp-block-columns-is-layout-flex\">\n<div class=\"wp-block-column is-layout-flow wp-block-column-is-layout-flow\">\n<figure class=\"wp-block-image size-large hvr-grow\"><img decoding=\"async\" id=\"imagen01\" class=\"wp-image-5593 animate\" src=\"https:\/\/tdesperanza.cl\/wp-content\/uploads\/2021\/06\/001.png\" alt=\"\"><\/figure>\n<\/div>\n\n\n\n<div class=\"wp-block-column is-layout-flow wp-block-column-is-layout-flow\">\n<figure class=\"wp-block-image size-large hvr-grow\"><img decoding=\"async\" id=\"imagen02\" class=\"wp-image-5594 animate\" src=\"https:\/\/tdesperanza.cl\/wp-content\/uploads\/2021\/06\/002.png\" alt=\"\"><\/figure>\n<\/div>\n<\/div>\n<\/div>\n\n\n\n<div class=\"wp-block-column is-layout-flow wp-block-column-is-layout-flow\">\n<div class=\"wp-block-columns is-layout-flex wp-container-core-columns-is-layout-9d6595d7 wp-block-columns-is-layout-flex\">\n<div class=\"wp-block-column is-layout-flow wp-block-column-is-layout-flow\">\n<figure class=\"wp-block-image size-large hvr-grow\"><img decoding=\"async\" id=\"imagen03\" class=\"wp-image-5595 animate\" src=\"https:\/\/tdesperanza.cl\/wp-content\/uploads\/2021\/06\/003.png\" alt=\"\"><\/figure>\n<\/div>\n\n\n\n<div class=\"wp-block-column is-layout-flow wp-block-column-is-layout-flow\">\n<figure class=\"wp-block-image size-large hvr-grow\"><img decoding=\"async\" id=\"imagen04\" class=\"wp-image-5596 animate\" src=\"https:\/\/tdesperanza.cl\/wp-content\/uploads\/2021\/06\/004.png\" alt=\"\"><\/figure>\n<\/div>\n<\/div>\n<\/div>\n<\/div>\n\n\n\n<div class=\"wp-block-columns hiddenAni is-layout-flex wp-container-core-columns-is-layout-9d6595d7 wp-block-columns-is-layout-flex\">\n<div class=\"wp-block-column franja_azul hiddenAni is-layout-flow wp-block-column-is-layout-flow\">\n<h2 style=\"color: white; margin: 40px;\">Conoce Nuestras L\u00edneas de Trabajo<\/h2>\n\n\n\n<p><\/p>\n<\/div>\n<\/div>\n\n\n\n<div class=\"wp-block-columns hiddenAni is-layout-flex wp-container-core-columns-is-layout-9d6595d7 wp-block-columns-is-layout-flex\">\n<div class=\"wp-block-column is-layout-flow wp-block-column-is-layout-flow\">\n<h2 style=\"color: #1e4483; margin: 40px; margin-top: 220px;\">Protecci\u00f3n de Derechos<\/h2>\n<\/div>\n\n\n\n<div class=\"wp-block-column is-layout-flow wp-block-column-is-layout-flow\">\n<figure class=\"wp-block-image size-large hvr-grow\" style=\"margin: 40px;\"><img decoding=\"async\" id=\"imagen05\" class=\"wp-image-5597 animate\" src=\"https:\/\/tdesperanza.cl\/wp-content\/uploads\/2021\/06\/005.png\" alt=\"\"><\/figure>\n<\/div>\n<\/div>\n\n\n\n<div class=\"wp-block-columns franja_azul hiddenAni is-layout-flex wp-container-core-columns-is-layout-9d6595d7 wp-block-columns-is-layout-flex\">\n<div class=\"wp-block-column franja_azul hiddenAni is-layout-flow wp-block-column-is-layout-flow\">\n<div class=\"wp-block-columns is-layout-flex wp-container-core-columns-is-layout-9d6595d7 wp-block-columns-is-layout-flex\">\n<div class=\"wp-block-column is-layout-flow wp-block-column-is-layout-flow\"><\/div>\n\n\n\n<div class=\"wp-block-column is-layout-flow wp-block-column-is-layout-flow\">\n<p style=\"color: white; margin: 40px;\">Ni\u00f1os, ni\u00f1as, adolescentes y j\u00f3venes que han sido v\u00edctimas de vulneraciones reciben un acompa\u00f1amiento especializado en la atenci\u00f3n de negligencias, abandonos o pr\u00e1cticas erradas, que en algunos casos pueden constituirse en delito: maltrato f\u00edsico y psicol\u00f3gico, abusos, explotaci\u00f3n sexual comercial infantojuvenil, entre otros.<\/p>\n<\/div>\n<\/div>\n<\/div>\n<\/div>\n\n\n\n<div class=\"wp-block-columns is-layout-flex wp-container-core-columns-is-layout-9d6595d7 wp-block-columns-is-layout-flex\">\n<div class=\"wp-block-column hiddenAni is-layout-flow wp-block-column-is-layout-flow\">\n<h2 style=\"color: #1e4483; margin: 40px;\">Modalidades de atenci\u00f3n l\u00ednea de Protecci\u00f3n de Derechos<\/h2>\n\n\n\n<p><\/p>\n<\/div>\n<\/div>\n\n\n\n<div class=\"wp-block-columns is-layout-flex wp-container-core-columns-is-layout-9d6595d7 wp-block-columns-is-layout-flex\">\n<div class=\"wp-block-column franja_verdosa hiddenAni is-layout-flow wp-block-column-is-layout-flow\">\n<div class=\"wp-block-columns is-layout-flex wp-container-core-columns-is-layout-9d6595d7 wp-block-columns-is-layout-flex\">\n<div class=\"wp-block-column is-layout-flow wp-block-column-is-layout-flow\">\n<p style=\"color: white; margin: 40px;\">(PRM) Programa de Reparaci\u00f3n de Maltrato y Abuso Sexual<\/p>\n\n\n\n<p style=\"color: white; margin: 40px;\">(PEE) Programa Especializado en la atenci\u00f3n de ni\u00f1os, ni\u00f1as y adolescentes v\u00edctimas de explotaci\u00f3n sexual comercial.<\/p>\n\n\n\n<p style=\"color: white; margin: 40px;\">(FAE) Programa Familia de Acogida<\/p>\n\n\n\n<p style=\"color: white; margin: 40px;\">(PAS)Programa Especializado en Intervenci\u00f3n con Adolescentes que presentan Pr\u00e1cticas Abusivas Sexuales<\/p>\n\n\n<\/div>\n\n\n\n<div class=\"wp-block-column is-layout-flow wp-block-column-is-layout-flow\">\n<p style=\"color: white; margin: 40px;\">AFT &#8211; PF (Acompa\u00f1amiento Familiar Territorial &#8211; Prevenci\u00f3n Focalizada)<\/p>\n\n\n\n<p style=\"color: white; margin: 40px;\">(PIE) Programa de Intervenci\u00f3n Especializada<\/p>\n<\/div>\n<\/div>\n<\/div>\n<\/div>\n\n\n\n<div class=\"wp-block-columns is-layout-flex wp-container-core-columns-is-layout-9d6595d7 wp-block-columns-is-layout-flex\">\n<div class=\"wp-block-column hiddenAni is-layout-flow wp-block-column-is-layout-flow\"><\/div>\n<\/div>\n\n\n\n<div class=\"wp-block-columns hiddenAni is-layout-flex wp-container-core-columns-is-layout-9d6595d7 wp-block-columns-is-layout-flex\">\n<div class=\"wp-block-column franja_azul hiddenAni is-layout-flow wp-block-column-is-layout-flow\">\n<div class=\"wp-block-columns is-layout-flex wp-container-core-columns-is-layout-9d6595d7 wp-block-columns-is-layout-flex\">\n<div class=\"wp-block-column is-layout-flow wp-block-column-is-layout-flow\"><\/div>\n<\/div>\n<\/div>\n<\/div>\n\n\n\n<div class=\"wp-block-columns is-layout-flex wp-container-core-columns-is-layout-9d6595d7 wp-block-columns-is-layout-flex\">\n<div class=\"wp-block-column franja_verdosa hiddenAni is-layout-flow wp-block-column-is-layout-flow\">\n<div class=\"wp-block-columns is-layout-flex wp-container-core-columns-is-layout-9d6595d7 wp-block-columns-is-layout-flex\">\n<div class=\"wp-block-column is-layout-flow wp-block-column-is-layout-flow\"><\/div>\n\n\n\n<div class=\"wp-block-column is-layout-flow wp-block-column-is-layout-flow\"><\/div>\n<\/div>\n\n\n\n<p><\/p>\n<\/div>\n<\/div>\n\n\n\n<div class=\"wp-block-columns hiddenAni is-layout-flex wp-container-core-columns-is-layout-9d6595d7 wp-block-columns-is-layout-flex\">\n<div class=\"wp-block-column hiddenAni is-layout-flow wp-block-column-is-layout-flow\">\n<div class=\"wp-block-columns is-layout-flex wp-container-core-columns-is-layout-9d6595d7 wp-block-columns-is-layout-flex\">\n<div class=\"wp-block-column is-layout-flow wp-block-column-is-layout-flow\">\n<h2 style=\"color: #1e4483; margin: 40px; margin-top: 160px;\">Tratamiento Terap\u00e9utico para la rehabilitaci\u00f3n en el consumo de drogas.<\/h2>\n<\/div>\n\n\n\n<div class=\"wp-block-column is-layout-flow wp-block-column-is-layout-flow\">\n<figure class=\"wp-block-image size-large hvr-grow\"><img decoding=\"async\" id=\"imagen07\" class=\"wp-image-5636 animate\" src=\"https:\/\/tdesperanza.cl\/wp-content\/uploads\/2021\/06\/007.jpg\" alt=\"\"><\/figure>\n<\/div>\n<\/div>\n<\/div>\n<\/div>\n\n\n\n<div class=\"wp-block-columns hiddenAni is-layout-flex wp-container-core-columns-is-layout-9d6595d7 wp-block-columns-is-layout-flex\">\n<div class=\"wp-block-column franja_azul hiddenAni is-layout-flow wp-block-column-is-layout-flow\">\n<div class=\"wp-block-columns is-layout-flex wp-container-core-columns-is-layout-9d6595d7 wp-block-columns-is-layout-flex\">\n<div class=\"wp-block-column is-layout-flow wp-block-column-is-layout-flow\"><\/div>\n\n\n\n<div class=\"wp-block-column is-layout-flow wp-block-column-is-layout-flow\">\n<p style=\"color: white; margin: 40px;\">Rehabilitaci\u00f3n a j\u00f3venes que presentan consumo perjudicial o dependencia de drogas y alcohol con una intervenci\u00f3n terap\u00e9utica especializada para j\u00f3venes infractores de ley entre 14 y 18 a\u00f1os. Para llevar a cabo este trabajo, Tierra de Esperanza desarrolla e implementa un dise\u00f1o de estrategias innovadoras, garantizando as\u00ed, adherencia de los j\u00f3venes a su proceso de rehabilitaci\u00f3n.<\/p>\n<\/div>\n<\/div>\n<\/div>\n<\/div>\n\n\n\n<div class=\"wp-block-columns hiddenAni is-layout-flex wp-container-core-columns-is-layout-9d6595d7 wp-block-columns-is-layout-flex\">\n<div class=\"wp-block-column hiddenAni is-layout-flow wp-block-column-is-layout-flow\">\n<div class=\"wp-block-columns is-layout-flex wp-container-core-columns-is-layout-9d6595d7 wp-block-columns-is-layout-flex\">\n<div class=\"wp-block-column is-layout-flow wp-block-column-is-layout-flow\">\n<h2 style=\"color: #1e4483; margin: 40px; margin-top: 160px;\">Modalidades de atenci\u00f3n l\u00ednea de Tratamiento Terap\u00e9utico para la rehabilitaci\u00f3n en el consumo de drogas.<\/h2>\n<\/div>\n\n\n\n<div class=\"wp-block-column is-layout-flow wp-block-column-is-layout-flow\"><\/div>\n<\/div>\n<\/div>\n<\/div>\n\n\n\n<div class=\"wp-block-columns is-layout-flex wp-container-core-columns-is-layout-9d6595d7 wp-block-columns-is-layout-flex\">\n<div class=\"wp-block-column franja_verdosa hiddenAni is-layout-flow wp-block-column-is-layout-flow\">\n<div class=\"wp-block-columns is-layout-flex wp-container-core-columns-is-layout-9d6595d7 wp-block-columns-is-layout-flex\">\n<div class=\"wp-block-column is-layout-flow wp-block-column-is-layout-flow\">\n<p style=\"color: white; margin: 40px;\">(PAI IA)PROGRAMA AMBULATORIO INTENSIVO INFANTO ADOLESCENTE<\/p>\n\n\n\n<p style=\"color: white; margin: 40px;\">(PAI ML) PROGRAMA AMBULATORIO INTENSIVO MEDIO LIBRE<\/p>\n\n\n\n<p style=\"color: white; margin: 40px;\">(PAI MP) PROGRAMA AMBULATORIO INTENSIVO MEDIO PRIVATIVO<\/p>\n\n\n\n<p style=\"color: white; margin: 40px;\">(PDC) PROGRAMA DE INTERVENCI\u00d3N COMPLEMENTARIA DE ALTA COMPLEJIDAD EN CONSUMO PROBLEM\u00c1TICO DE DROGAS<\/p>\n<\/div>\n\n\n\n<div class=\"wp-block-column is-layout-flow wp-block-column-is-layout-flow\"><\/div>\n<\/div>\n<\/div>\n<\/div>\n\n\n\n<div class=\"wp-block-columns is-layout-flex wp-container-core-columns-is-layout-9d6595d7 wp-block-columns-is-layout-flex\">\n<div class=\"wp-block-column hiddenAni is-layout-flow wp-block-column-is-layout-flow\">\n<div class=\"wp-block-columns is-layout-flex wp-container-core-columns-is-layout-9d6595d7 wp-block-columns-is-layout-flex\">\n<div class=\"wp-block-column is-layout-flow wp-block-column-is-layout-flow\">\n<h2 style=\"color: #1e4483; margin: 40px; margin-top: 160px;\">Justicia Juvenil<\/h2>\n<\/div>\n\n\n\n<div class=\"wp-block-column is-layout-flow wp-block-column-is-layout-flow\">\n<figure class=\"wp-block-image size-large hvr-grow\"><img decoding=\"async\" id=\"imagen08\" src=\"https:\/\/tdesperanza.cl\/wp-content\/uploads\/2021\/06\/008.jpg\" alt=\"\" class=\"wp-image-5641 animate\"><\/figure>\n<\/div>\n<\/div>\n<\/div>\n<\/div>\n\n\n\n<div class=\"wp-block-columns is-layout-flex wp-container-core-columns-is-layout-9d6595d7 wp-block-columns-is-layout-flex\">\n<div class=\"wp-block-column franja_azul hiddenAni is-layout-flow wp-block-column-is-layout-flow\">\n<div class=\"wp-block-columns is-layout-flex wp-container-core-columns-is-layout-9d6595d7 wp-block-columns-is-layout-flex\">\n<div class=\"wp-block-column is-layout-flow wp-block-column-is-layout-flow\"><\/div>\n\n\n\n<div class=\"wp-block-column is-layout-flow wp-block-column-is-layout-flow\">\n<p style=\"color: white; margin: 40px;\">Apoyo a j\u00f3venes infractores de ley, facilitando un proceso para que desarrollen la responsabilizaci\u00f3n de sus actos y se integren socialmente. Para ello se trabaja en forma individualizada, tomando en cuenta las condiciones y caracter\u00edsticas particulares de las y los j\u00f3venes, as\u00ed como tambi\u00e9n, la existencia de una red familiar y social.<\/p>\n<\/div>\n<\/div>\n<\/div>\n<\/div>\n\n\n\n<div class=\"wp-block-columns hiddenAni is-layout-flex wp-container-core-columns-is-layout-9d6595d7 wp-block-columns-is-layout-flex\">\n<div class=\"wp-block-column hiddenAni is-layout-flow wp-block-column-is-layout-flow\">\n<div class=\"wp-block-columns is-layout-flex wp-container-core-columns-is-layout-9d6595d7 wp-block-columns-is-layout-flex\">\n<div class=\"wp-block-column is-layout-flow wp-block-column-is-layout-flow\">\n<h2 style=\"color: #1e4483; margin: 40px; margin-top: 160px;\">Modalidades de atenci\u00f3n<br>\nl\u00ednea de Justicia Juvenil.<\/h2>\n<\/div>\n\n\n\n<div class=\"wp-block-column is-layout-flow wp-block-column-is-layout-flow\"><\/div>\n<\/div>\n<\/div>\n<\/div>\n\n\n\n<div class=\"wp-block-columns is-layout-flex wp-container-core-columns-is-layout-9d6595d7 wp-block-columns-is-layout-flex\">\n<div class=\"wp-block-column franja_verdosa hiddenAni is-layout-flow wp-block-column-is-layout-flow\">\n<div class=\"wp-block-columns is-layout-flex wp-container-core-columns-is-layout-9d6595d7 wp-block-columns-is-layout-flex\">\n<div class=\"wp-block-column is-layout-flow wp-block-column-is-layout-flow\">\n<p style=\"color: white; margin: 40px;\">(LAE) PROGRAMA DE LIBERTAD ASISTIDA ESPECIAL <\/p>\n<\/div>\n\n\n\n<div class=\"wp-block-column is-layout-flow wp-block-column-is-layout-flow\"><\/div>\n<\/div>\n<\/div>\n<\/div>\n\n\n\n<p><\/p>\n<div class=\"gsp_post_data\" \r\n\t            data-post_type=\"page\" \r\n\t            data-cat=\"\" \r\n\t            data-modified=\"120\"\r\n\t            data-created=\"1622899677\"\r\n\t            data-title=\"Lineas de Trabajo\" \r\n\t            data-home=\"https:\/\/tdesperanza.cl\"><\/div>","protected":false},"excerpt":{"rendered":"<p>Conoce Nuestras L\u00edneas de Trabajo Protecci\u00f3n de Derechos Ni\u00f1os, ni\u00f1as, adolescentes y j\u00f3venes que han sido v\u00edctimas de vulneraciones reciben un acompa\u00f1amiento especializado en la atenci\u00f3n de negligencias, abandonos o pr\u00e1cticas erradas, que en algunos casos pueden constituirse en delito: maltrato f\u00edsico y psicol\u00f3gico, abusos, explotaci\u00f3n sexual comercial infantojuvenil, entre otros. Modalidades de atenci\u00f3n l\u00ednea&hellip;<\/p>\n","protected":false},"author":6,"featured_media":0,"parent":0,"menu_order":0,"comment_status":"closed","ping_status":"closed","template":"","meta":{"_monsterinsights_skip_tracking":false,"_monsterinsights_sitenote_active":false,"_monsterinsights_sitenote_note":"","_monsterinsights_sitenote_category":0},"class_list":["post-5435","page","type-page","status-publish","hentry","description-off"],"_links":{"self":[{"href":"https:\/\/tdesperanza.cl\/index.php?rest_route=\/wp\/v2\/pages\/5435","targetHints":{"allow":["GET"]}}],"collection":[{"href":"https:\/\/tdesperanza.cl\/index.php?rest_route=\/wp\/v2\/pages"}],"about":[{"href":"https:\/\/tdesperanza.cl\/index.php?rest_route=\/wp\/v2\/types\/page"}],"author":[{"embeddable":true,"href":"https:\/\/tdesperanza.cl\/index.php?rest_route=\/wp\/v2\/users\/6"}],"replies":[{"embeddable":true,"href":"https:\/\/tdesperanza.cl\/index.php?rest_route=%2Fwp%2Fv2%2Fcomments&post=5435"}],"version-history":[{"count":5,"href":"https:\/\/tdesperanza.cl\/index.php?rest_route=\/wp\/v2\/pages\/5435\/revisions"}],"predecessor-version":[{"id":10766,"href":"https:\/\/tdesperanza.cl\/index.php?rest_route=\/wp\/v2\/pages\/5435\/revisions\/10766"}],"wp:attachment":[{"href":"https:\/\/tdesperanza.cl\/index.php?rest_route=%2Fwp%2Fv2%2Fmedia&parent=5435"}],"curies":[{"name":"wp","href":"https:\/\/api.w.org\/{rel}","templated":true}]}}