{"id":9387,"date":"2024-10-18T12:38:26","date_gmt":"2024-10-18T15:38:26","guid":{"rendered":"https:\/\/tdesperanza.cl\/?page_id=9387"},"modified":"2024-12-13T11:38:37","modified_gmt":"2024-12-13T14:38:37","slug":"nuestra-historia","status":"publish","type":"page","link":"https:\/\/tdesperanza.cl\/?page_id=9387","title":{"rendered":"Nuestra Historia&#8230;"},"content":{"rendered":"\n<p>\u00a1<strong>Bienvenidos y bienvenidas a este espacio! <\/strong><\/p>\n\n\n\n<p>Aqu\u00ed podr\u00e1s descubrir parte de la historia de <strong>Tierra de Esperanza<\/strong>, una instituci\u00f3n que trabaja todos los d\u00edas para que ni\u00f1os, ni\u00f1as y adolescentes como t\u00fa vivan en un espacio de respeto y cuidado.  Conocer\u00e1s haciendo click en el video c\u00f3mo comenzamos y qu\u00e9 hacemos  \u00a1Te invitamos a ver este video!<\/p>\n\n\n\n<figure class=\"wp-block-video\"><video height=\"720\" style=\"aspect-ratio: 1280 \/ 720;\" width=\"1280\" controls src=\"https:\/\/tdesperanza.cl\/wp-content\/uploads\/2024\/10\/web-nna-2.mp4\"><\/video><\/figure>\n<div class=\"gsp_post_data\" \r\n\t            data-post_type=\"page\" \r\n\t            data-cat=\"\" \r\n\t            data-modified=\"120\"\r\n\t            data-created=\"1729255106\"\r\n\t            data-title=\"Nuestra Historia&#8230;\" \r\n\t            data-home=\"https:\/\/tdesperanza.cl\"><\/div>","protected":false},"excerpt":{"rendered":"<p>\u00a1Bienvenidos y bienvenidas a este espacio! Aqu\u00ed podr\u00e1s descubrir parte de la historia de Tierra de Esperanza, una instituci\u00f3n que trabaja todos los d\u00edas para que ni\u00f1os, ni\u00f1as y adolescentes como t\u00fa vivan en un espacio de respeto y cuidado. Conocer\u00e1s haciendo click en el video c\u00f3mo comenzamos y qu\u00e9 hacemos \u00a1Te invitamos a ver&hellip;<\/p>\n","protected":false},"author":1,"featured_media":0,"parent":0,"menu_order":0,"comment_status":"closed","ping_status":"closed","template":"","meta":{"_monsterinsights_skip_tracking":false,"_monsterinsights_sitenote_active":false,"_monsterinsights_sitenote_note":"","_monsterinsights_sitenote_category":0},"class_list":["post-9387","page","type-page","status-publish","hentry","description-off"],"_links":{"self":[{"href":"https:\/\/tdesperanza.cl\/index.php?rest_route=\/wp\/v2\/pages\/9387","targetHints":{"allow":["GET"]}}],"collection":[{"href":"https:\/\/tdesperanza.cl\/index.php?rest_route=\/wp\/v2\/pages"}],"about":[{"href":"https:\/\/tdesperanza.cl\/index.php?rest_route=\/wp\/v2\/types\/page"}],"author":[{"embeddable":true,"href":"https:\/\/tdesperanza.cl\/index.php?rest_route=\/wp\/v2\/users\/1"}],"replies":[{"embeddable":true,"href":"https:\/\/tdesperanza.cl\/index.php?rest_route=%2Fwp%2Fv2%2Fcomments&post=9387"}],"version-history":[{"count":2,"href":"https:\/\/tdesperanza.cl\/index.php?rest_route=\/wp\/v2\/pages\/9387\/revisions"}],"predecessor-version":[{"id":9631,"href":"https:\/\/tdesperanza.cl\/index.php?rest_route=\/wp\/v2\/pages\/9387\/revisions\/9631"}],"wp:attachment":[{"href":"https:\/\/tdesperanza.cl\/index.php?rest_route=%2Fwp%2Fv2%2Fmedia&parent=9387"}],"curies":[{"name":"wp","href":"https:\/\/api.w.org\/{rel}","templated":true}]}}