{"id":9623,"date":"2024-12-13T11:21:31","date_gmt":"2024-12-13T14:21:31","guid":{"rendered":"https:\/\/tdesperanza.cl\/?page_id=9623"},"modified":"2024-12-13T12:29:35","modified_gmt":"2024-12-13T15:29:35","slug":"contactanos-es-es-un-espacio-que-te-escucha","status":"publish","type":"page","link":"https:\/\/tdesperanza.cl\/?page_id=9623","title":{"rendered":"Cont\u00e1ctanos, este espacio es para consultas y denuncias-"},"content":{"rendered":"\n<h2 class=\"wp-block-heading\"><strong>\u00a1Este espacio es para ti!<\/strong> <\/h2>\n\n\n\n<p> Queremos que sepas algo muy importante: en nuestra instituci\u00f3n, Fundaci\u00f3n Tierra de Esperanza, nos importa mucho lo que piensas, sientes y necesitas. Este lugar est\u00e1 hecho especialmente para ti, porque tienes derecho a ser escuchado\/a.<\/p>\n\n\n\n<p><strong>\u00bfSab\u00edas que  t\u00fa tienes derecho a estar protegido\/a?<\/strong> Nosotros estamos aqu\u00ed para escucharte y ayudarte. Si necesitas hacer una consulta o denuncia este es el espacio para hacerlo. <\/p>\n\n\n\n<blockquote class=\"wp-block-quote has-white-color has-accent-background-color has-text-color has-background has-link-color wp-elements-20af0681686ace568880e4bbd24aa615 is-layout-flow wp-block-quote-is-layout-flow\">\n<h2 class=\"wp-block-heading\">AQU\u00cd PUEDES HACER CONSULTAS O DENUNCIAS:<\/h2>\n<\/blockquote>\n\n\n\n<p>\u2705 <strong>Hacer consultas<\/strong> sobre cualquier duda que tengas.<br>INGRESA AQU\u00cd TU <a href=\"https:\/\/compliance.tdesperanza.cl\/ingreso-de-consultas\/\">CONSULTA<\/a><\/p>\n\n\n\n<p>\u2705 <strong>Hacer una denuncia<\/strong> sobre algo que crees que no est\u00e1 bien y que debamos saber.                                                                                                                                                                                                             INGRESA AQU\u00cd TU <a href=\"https:\/\/compliance.tdesperanza.cl\/ingreso-denuncia\/\">DENUNCIA<\/a><\/p>\n\n\n\n<p><strong>Todo lo que nos cuentes es confidencial.<\/strong> Eso significa que lo cuidaremos y no lo compartiremos sin tu permiso.<\/p>\n\n\n\n<p><strong>Importante: si tienes dudas, puedas pedir ayuda a un adulto de tu confianza que te ayude a completar los formularios.<\/strong><\/p>\n\n\n\n<blockquote class=\"wp-block-quote is-layout-flow wp-block-quote-is-layout-flow\">\n<h1 class=\"wp-block-heading has-white-color has-accent-background-color has-text-color has-background has-link-color wp-elements-2be12d7dac7c4e0293f25ec5e964434a\"><strong>JUEGA Y APRENDE<\/strong><\/h1>\n<\/blockquote>\n\n\n\n<p>Te invitamos a conocer a trav\u00e9s de un entretenido juego lo que es un canal de denuncia. Aprender\u00e1s lo importante que es decir lo que te preocupa y c\u00f3mo esto te ayuda a sentirte cuidado\/a y seguro\/a.<\/p>\n\n\n\n<p>\ud83c\udfae Haz clic y descubre m\u00e1s jugando. <\/p>\n\n\n\n<figure class=\"wp-block-image size-large is-resized\"><img loading=\"lazy\" decoding=\"async\" width=\"1024\" height=\"512\" src=\"https:\/\/tdesperanza.cl\/wp-content\/uploads\/2024\/12\/image-1-1024x512.png\" alt=\"\" class=\"wp-image-9625\" style=\"width:592px;height:auto\" srcset=\"https:\/\/tdesperanza.cl\/wp-content\/uploads\/2024\/12\/image-1-1024x512.png 1024w, https:\/\/tdesperanza.cl\/wp-content\/uploads\/2024\/12\/image-1-300x150.png 300w, https:\/\/tdesperanza.cl\/wp-content\/uploads\/2024\/12\/image-1-768x384.png 768w, https:\/\/tdesperanza.cl\/wp-content\/uploads\/2024\/12\/image-1-1536x768.png 1536w, https:\/\/tdesperanza.cl\/wp-content\/uploads\/2024\/12\/image-1-600x300.png 600w, https:\/\/tdesperanza.cl\/wp-content\/uploads\/2024\/12\/image-1.png 2048w\" sizes=\"auto, (max-width: 1024px) 100vw, 1024px\" \/><\/figure>\n\n\n\n<figure class=\"wp-block-embed is-type-wp-embed is-provider-genially wp-block-embed-genially\"><div class=\"wp-block-embed__wrapper\">\n<iframe class=\"wp-embedded-content\" sandbox=\"allow-scripts\" security=\"restricted\" title=\"Copia - VERDADERO O FALSO\" frameborder='0' width='1200' height='675' src='https:\/\/view.genially.com\/63091b9648023900104fea6f#?secret=Do1mcOo5Ir' data-secret='Do1mcOo5Ir' scrolling='yes'><\/iframe>\n<\/div><\/figure>\n\n\n\n<p><\/p>\n<div class=\"gsp_post_data\" \r\n\t            data-post_type=\"page\" \r\n\t            data-cat=\"\" \r\n\t            data-modified=\"120\"\r\n\t            data-created=\"1734088891\"\r\n\t            data-title=\"Cont\u00e1ctanos, este espacio es para consultas y denuncias-\" \r\n\t            data-home=\"https:\/\/tdesperanza.cl\"><\/div>","protected":false},"excerpt":{"rendered":"<p>\u00a1Este espacio es para ti! Queremos que sepas algo muy importante: en nuestra instituci\u00f3n, Fundaci\u00f3n Tierra de Esperanza, nos importa mucho lo que piensas, sientes y necesitas. Este lugar est\u00e1 hecho especialmente para ti, porque tienes derecho a ser escuchado\/a. \u00bfSab\u00edas que t\u00fa tienes derecho a estar protegido\/a? Nosotros estamos aqu\u00ed para escucharte y ayudarte.&hellip;<\/p>\n","protected":false},"author":1,"featured_media":0,"parent":0,"menu_order":0,"comment_status":"closed","ping_status":"closed","template":"","meta":{"_monsterinsights_skip_tracking":false,"_monsterinsights_sitenote_active":false,"_monsterinsights_sitenote_note":"","_monsterinsights_sitenote_category":0},"class_list":["post-9623","page","type-page","status-publish","hentry","description-off"],"_links":{"self":[{"href":"https:\/\/tdesperanza.cl\/index.php?rest_route=\/wp\/v2\/pages\/9623","targetHints":{"allow":["GET"]}}],"collection":[{"href":"https:\/\/tdesperanza.cl\/index.php?rest_route=\/wp\/v2\/pages"}],"about":[{"href":"https:\/\/tdesperanza.cl\/index.php?rest_route=\/wp\/v2\/types\/page"}],"author":[{"embeddable":true,"href":"https:\/\/tdesperanza.cl\/index.php?rest_route=\/wp\/v2\/users\/1"}],"replies":[{"embeddable":true,"href":"https:\/\/tdesperanza.cl\/index.php?rest_route=%2Fwp%2Fv2%2Fcomments&post=9623"}],"version-history":[{"count":3,"href":"https:\/\/tdesperanza.cl\/index.php?rest_route=\/wp\/v2\/pages\/9623\/revisions"}],"predecessor-version":[{"id":9646,"href":"https:\/\/tdesperanza.cl\/index.php?rest_route=\/wp\/v2\/pages\/9623\/revisions\/9646"}],"wp:attachment":[{"href":"https:\/\/tdesperanza.cl\/index.php?rest_route=%2Fwp%2Fv2%2Fmedia&parent=9623"}],"curies":[{"name":"wp","href":"https:\/\/api.w.org\/{rel}","templated":true}]}}