{"id":9632,"date":"2024-12-13T11:58:38","date_gmt":"2024-12-13T14:58:38","guid":{"rendered":"https:\/\/tdesperanza.cl\/?page_id=9632"},"modified":"2024-12-13T12:20:47","modified_gmt":"2024-12-13T15:20:47","slug":"derecho-a-la-educacion","status":"publish","type":"page","link":"https:\/\/tdesperanza.cl\/?page_id=9632","title":{"rendered":"DERECHO A LA EDUCACI\u00d3N"},"content":{"rendered":"\n<figure class=\"wp-block-image size-large\"><img loading=\"lazy\" decoding=\"async\" width=\"1024\" height=\"815\" src=\"https:\/\/tdesperanza.cl\/wp-content\/uploads\/2024\/12\/Captura-de-Pantalla-2024-12-13-a-las-12.20.01-1024x815.png\" alt=\"\" class=\"wp-image-9643\" srcset=\"https:\/\/tdesperanza.cl\/wp-content\/uploads\/2024\/12\/Captura-de-Pantalla-2024-12-13-a-las-12.20.01-1024x815.png 1024w, https:\/\/tdesperanza.cl\/wp-content\/uploads\/2024\/12\/Captura-de-Pantalla-2024-12-13-a-las-12.20.01-300x239.png 300w, https:\/\/tdesperanza.cl\/wp-content\/uploads\/2024\/12\/Captura-de-Pantalla-2024-12-13-a-las-12.20.01-768x611.png 768w, https:\/\/tdesperanza.cl\/wp-content\/uploads\/2024\/12\/Captura-de-Pantalla-2024-12-13-a-las-12.20.01-1536x1222.png 1536w, https:\/\/tdesperanza.cl\/wp-content\/uploads\/2024\/12\/Captura-de-Pantalla-2024-12-13-a-las-12.20.01-600x477.png 600w, https:\/\/tdesperanza.cl\/wp-content\/uploads\/2024\/12\/Captura-de-Pantalla-2024-12-13-a-las-12.20.01.png 1900w\" sizes=\"auto, (max-width: 1024px) 100vw, 1024px\" \/><\/figure>\n\n\n\n<h1 class=\"wp-block-heading has-accent-background-color has-background\"><strong>\u00bfQu\u00e9 asegura que tengamos acceso a este derecho?<\/strong><\/h1>\n\n\n\n<p>Existen cuatro aspectos que garantizan nuestro derecho a una buena educaci\u00f3n:<\/p>\n\n\n\n<ul class=\"wp-block-list\">\n<li><strong>Disponibilidad:<\/strong> Que haya escuelas gratuitas con maestros preparados, buenos directores y espacios adecuados para aprender. \ud83c\udfeb\ud83d\udc69\u200d\ud83c\udfeb<\/li>\n\n\n\n<li><strong>Accesibilidad:<\/strong> Que todos podamos acceder a la educaci\u00f3n sin importar qui\u00e9nes somos o de d\u00f3nde venimos. \ud83c\udf0d<\/li>\n\n\n\n<li><strong>Adaptabilidad:<\/strong> Que la educaci\u00f3n se ajuste a nuestras necesidades, intereses y capacidades, as\u00ed como a lo que pasa en el lugar donde vivimos. \ud83c\udf31\ud83c\udf92<\/li>\n\n\n\n<li><strong>Aceptabilidad:<\/strong> Que las escuelas trabajen para evitar cualquier tipo de discriminaci\u00f3n y respeten nuestras diferencias, como la nacionalidad, g\u00e9nero o cultura. \ud83e\udd1d<\/li>\n<\/ul>\n\n\n\n<hr class=\"wp-block-separator has-alpha-channel-opacity\"\/>\n\n\n\n<h1 class=\"wp-block-heading has-accent-background-color has-background\"><strong>\u00bfPor qu\u00e9 la educaci\u00f3n es importante para mi vida?<\/strong><\/h1>\n\n\n\n<p>La educaci\u00f3n es como una puerta que nos permite entender el mundo y construir nuestro futuro. <\/p>\n\n\n\n<ul class=\"wp-block-list\">\n<li>Nos ayuda a descubrir nuestras habilidades y capacidades para superar retos. \ud83d\udcaa\ud83c\udfaf<\/li>\n\n\n\n<li>Nos ense\u00f1a a convivir y a participar en la sociedad, contribuyendo al desarrollo de nuestra comunidad y el mundo. \ud83c\udf1f\ud83c\udf0d<\/li>\n\n\n\n<li>Adem\u00e1s, nos abre oportunidades para aprender cosas nuevas y vivir plenamente.<\/li>\n<\/ul>\n\n\n\n<hr class=\"wp-block-separator has-alpha-channel-opacity\"\/>\n\n\n\n<h1 class=\"wp-block-heading has-accent-background-color has-background\"><strong>\u00bfQu\u00e9 derechos tengo como estudiante?<\/strong><\/h1>\n\n\n\n<p>Seg\u00fan la Ley General de Educaci\u00f3n, estos son algunos de tus derechos:<\/p>\n\n\n\n<p><br>\u2714\ufe0f Participar en actividades educativas, culturales, deportivas y recreativas.<br>\u2714\ufe0f Estudiar en un ambiente de respeto y aceptaci\u00f3n mutua.<br>\u2714\ufe0f Expresar tu opini\u00f3n y ser escuchado\/a.<br>\u2714\ufe0f No ser discriminado\/a de ninguna manera.<br>\u2714\ufe0f Que se respeten tus tradiciones, costumbres y tu libertad de pensamiento.<br>\u2714\ufe0f Aprender en un lugar seguro, con buenos materiales y atenci\u00f3n adecuada para tus necesidades.<br>\u2714\ufe0f Recibir una educaci\u00f3n inclusiva y de calidad que fomente tu desarrollo integral.<\/p>\n\n\n\n<hr class=\"wp-block-separator has-alpha-channel-opacity\"\/>\n\n\n\n<h3 class=\"wp-block-heading\"><strong>\u00a1Recuerda!<\/strong><\/h3>\n\n\n\n<p>Tu derecho a la educaci\u00f3n es fundamental<\/p>\n<div class=\"gsp_post_data\" \r\n\t            data-post_type=\"page\" \r\n\t            data-cat=\"\" \r\n\t            data-modified=\"120\"\r\n\t            data-created=\"1734091118\"\r\n\t            data-title=\"DERECHO A LA EDUCACI\u00d3N\" \r\n\t            data-home=\"https:\/\/tdesperanza.cl\"><\/div>","protected":false},"excerpt":{"rendered":"<p>\u00bfQu\u00e9 asegura que tengamos acceso a este derecho? Existen cuatro aspectos que garantizan nuestro derecho a una buena educaci\u00f3n: \u00bfPor qu\u00e9 la educaci\u00f3n es importante para mi vida? La educaci\u00f3n es como una puerta que nos permite entender el mundo y construir nuestro futuro. \u00bfQu\u00e9 derechos tengo como estudiante? Seg\u00fan la Ley General de Educaci\u00f3n,&hellip;<\/p>\n","protected":false},"author":1,"featured_media":0,"parent":0,"menu_order":0,"comment_status":"closed","ping_status":"closed","template":"","meta":{"_monsterinsights_skip_tracking":false,"_monsterinsights_sitenote_active":false,"_monsterinsights_sitenote_note":"","_monsterinsights_sitenote_category":0},"class_list":["post-9632","page","type-page","status-publish","hentry","description-off"],"_links":{"self":[{"href":"https:\/\/tdesperanza.cl\/index.php?rest_route=\/wp\/v2\/pages\/9632","targetHints":{"allow":["GET"]}}],"collection":[{"href":"https:\/\/tdesperanza.cl\/index.php?rest_route=\/wp\/v2\/pages"}],"about":[{"href":"https:\/\/tdesperanza.cl\/index.php?rest_route=\/wp\/v2\/types\/page"}],"author":[{"embeddable":true,"href":"https:\/\/tdesperanza.cl\/index.php?rest_route=\/wp\/v2\/users\/1"}],"replies":[{"embeddable":true,"href":"https:\/\/tdesperanza.cl\/index.php?rest_route=%2Fwp%2Fv2%2Fcomments&post=9632"}],"version-history":[{"count":2,"href":"https:\/\/tdesperanza.cl\/index.php?rest_route=\/wp\/v2\/pages\/9632\/revisions"}],"predecessor-version":[{"id":9644,"href":"https:\/\/tdesperanza.cl\/index.php?rest_route=\/wp\/v2\/pages\/9632\/revisions\/9644"}],"wp:attachment":[{"href":"https:\/\/tdesperanza.cl\/index.php?rest_route=%2Fwp%2Fv2%2Fmedia&parent=9632"}],"curies":[{"name":"wp","href":"https:\/\/api.w.org\/{rel}","templated":true}]}}