{"id":9647,"date":"2024-12-13T12:49:00","date_gmt":"2024-12-13T15:49:00","guid":{"rendered":"https:\/\/tdesperanza.cl\/?page_id=9647"},"modified":"2024-12-13T12:49:05","modified_gmt":"2024-12-13T15:49:05","slug":"numeros-importantes","status":"publish","type":"page","link":"https:\/\/tdesperanza.cl\/?page_id=9647","title":{"rendered":"N\u00fameros importantes"},"content":{"rendered":"\n<figure class=\"wp-block-image size-large\"><img loading=\"lazy\" decoding=\"async\" width=\"1024\" height=\"857\" src=\"https:\/\/tdesperanza.cl\/wp-content\/uploads\/2024\/12\/Captura-de-Pantalla-2024-12-13-a-las-12.47.19-1024x857.png\" alt=\"\" class=\"wp-image-9648\" srcset=\"https:\/\/tdesperanza.cl\/wp-content\/uploads\/2024\/12\/Captura-de-Pantalla-2024-12-13-a-las-12.47.19-1024x857.png 1024w, https:\/\/tdesperanza.cl\/wp-content\/uploads\/2024\/12\/Captura-de-Pantalla-2024-12-13-a-las-12.47.19-300x251.png 300w, https:\/\/tdesperanza.cl\/wp-content\/uploads\/2024\/12\/Captura-de-Pantalla-2024-12-13-a-las-12.47.19-768x643.png 768w, https:\/\/tdesperanza.cl\/wp-content\/uploads\/2024\/12\/Captura-de-Pantalla-2024-12-13-a-las-12.47.19-1536x1285.png 1536w, https:\/\/tdesperanza.cl\/wp-content\/uploads\/2024\/12\/Captura-de-Pantalla-2024-12-13-a-las-12.47.19-600x502.png 600w, https:\/\/tdesperanza.cl\/wp-content\/uploads\/2024\/12\/Captura-de-Pantalla-2024-12-13-a-las-12.47.19.png 1900w\" sizes=\"auto, (max-width: 1024px) 100vw, 1024px\" \/><\/figure>\n\n\n\n<h2 class=\"wp-block-heading has-accent-background-color has-background\"><strong>\u00bfSab\u00edas que hay n\u00fameros especiales que puedes llamar si est\u00e1s en peligro o necesitas ayuda? \ud83d\udcde <\/strong><\/h2>\n\n\n\n<p>Este espacio es para ti, para que conozas cu\u00e1les son y c\u00f3mo usarlos en caso de una emergencia.<\/p>\n\n\n\n<p><strong>\u00bfPor qu\u00e9 es importante?<\/strong><br>Porque todos tenemos derecho a estar seguros y protegidos, y estos n\u00fameros te conectar\u00e1n con personas que est\u00e1n listas para ayudarte.<\/p>\n\n\n\n<p>\ud83c\udf1f <strong>Algunos n\u00fameros que debes conocer:<\/strong><\/p>\n\n\n\n<ul class=\"wp-block-list\">\n<li><strong>131:<\/strong> Ambulancia, para emergencias de salud. \ud83d\ude91<\/li>\n\n\n\n<li><strong>132:<\/strong> Bomberos, para incendios o rescates. \ud83d\ude92<\/li>\n\n\n\n<li><strong>147:<\/strong> Fono Ni\u00f1os,  es una conexi\u00f3n segura y confidencial de Carabineros donde puedes buscar ayuda si te sientes amenazado\/a o crees que tus derechos no est\u00e1n siendo respetados. Aqu\u00ed, encontrar\u00e1s personas que te escuchar\u00e1n, te orientar\u00e1n y te apoyar\u00e1n en lo que necesites.\ud83d\udcde\ud83d\udc9b<\/li>\n<\/ul>\n\n\n\n<p><\/p>\n<div class=\"gsp_post_data\" \r\n\t            data-post_type=\"page\" \r\n\t            data-cat=\"\" \r\n\t            data-modified=\"120\"\r\n\t            data-created=\"1734094140\"\r\n\t            data-title=\"N\u00fameros importantes\" \r\n\t            data-home=\"https:\/\/tdesperanza.cl\"><\/div>","protected":false},"excerpt":{"rendered":"<p>\u00bfSab\u00edas que hay n\u00fameros especiales que puedes llamar si est\u00e1s en peligro o necesitas ayuda? \ud83d\udcde Este espacio es para ti, para que conozas cu\u00e1les son y c\u00f3mo usarlos en caso de una emergencia. \u00bfPor qu\u00e9 es importante?Porque todos tenemos derecho a estar seguros y protegidos, y estos n\u00fameros te conectar\u00e1n con personas que est\u00e1n&hellip;<\/p>\n","protected":false},"author":1,"featured_media":0,"parent":0,"menu_order":0,"comment_status":"closed","ping_status":"closed","template":"","meta":{"_monsterinsights_skip_tracking":false,"_monsterinsights_sitenote_active":false,"_monsterinsights_sitenote_note":"","_monsterinsights_sitenote_category":0},"class_list":["post-9647","page","type-page","status-publish","hentry","description-off"],"_links":{"self":[{"href":"https:\/\/tdesperanza.cl\/index.php?rest_route=\/wp\/v2\/pages\/9647","targetHints":{"allow":["GET"]}}],"collection":[{"href":"https:\/\/tdesperanza.cl\/index.php?rest_route=\/wp\/v2\/pages"}],"about":[{"href":"https:\/\/tdesperanza.cl\/index.php?rest_route=\/wp\/v2\/types\/page"}],"author":[{"embeddable":true,"href":"https:\/\/tdesperanza.cl\/index.php?rest_route=\/wp\/v2\/users\/1"}],"replies":[{"embeddable":true,"href":"https:\/\/tdesperanza.cl\/index.php?rest_route=%2Fwp%2Fv2%2Fcomments&post=9647"}],"version-history":[{"count":1,"href":"https:\/\/tdesperanza.cl\/index.php?rest_route=\/wp\/v2\/pages\/9647\/revisions"}],"predecessor-version":[{"id":9649,"href":"https:\/\/tdesperanza.cl\/index.php?rest_route=\/wp\/v2\/pages\/9647\/revisions\/9649"}],"wp:attachment":[{"href":"https:\/\/tdesperanza.cl\/index.php?rest_route=%2Fwp%2Fv2%2Fmedia&parent=9647"}],"curies":[{"name":"wp","href":"https:\/\/api.w.org\/{rel}","templated":true}]}}